{"id":1592,"date":"2025-03-14T14:24:16","date_gmt":"2025-03-14T14:24:16","guid":{"rendered":"https:\/\/futurevegan.org\/?post_type=product&#038;p=1592"},"modified":"2025-12-05T22:04:06","modified_gmt":"2025-12-05T22:04:06","slug":"la-verdad-sobre-finasteride-y-dutasteride","status":"publish","type":"product","link":"https:\/\/futurevegan.org\/en\/producto\/la-verdad-sobre-finasteride-y-dutasteride\/","title":{"rendered":"La verdad sobre Finasteride y Dutasteride"},"content":{"rendered":"<p>[et_pb_section fb_built=&#8221;1&#8243; admin_label=&#8221;Contact Section&#8221; _builder_version=&#8221;4.27.4&#8243; use_background_color_gradient=&#8221;on&#8221; background_color_gradient_direction=&#8221;105deg&#8221; background_color_gradient_stops=&#8221;#f7f7f7 65%|#ffffff 65%&#8221; background_color_gradient_start=&#8221;#f7f7f7&#8243; background_color_gradient_start_position=&#8221;65%&#8221; background_color_gradient_end=&#8221;#ffffff&#8221; background_color_gradient_end_position=&#8221;65%&#8221; background_image=&#8221;https:\/\/futurevegan.org\/wp-content\/uploads\/2025\/03\/portada-ebook-FV-2-min.jpg&#8221; custom_padding=&#8221;90px||90px|&#8221; global_colors_info=&#8221;{}&#8221;][et_pb_row column_structure=&#8221;1_2,1_2&#8243; admin_label=&#8221;Contact Area&#8221; module_class=&#8221; et_pb_row_fullwidth&#8221; _builder_version=&#8221;4.16&#8243; background_size=&#8221;initial&#8221; background_position=&#8221;top_left&#8221; background_repeat=&#8221;repeat&#8221; width=&#8221;94%&#8221; width_tablet=&#8221;80%&#8221; width_phone=&#8221;&#8221; width_last_edited=&#8221;on|desktop&#8221; max_width=&#8221;94%&#8221; max_width_tablet=&#8221;80%&#8221; max_width_phone=&#8221;&#8221; max_width_last_edited=&#8221;on|desktop&#8221; custom_margin=&#8221;|||&#8221; custom_padding=&#8221;27px|0px|27px|0px&#8221; make_fullwidth=&#8221;on&#8221; global_colors_info=&#8221;{}&#8221;][et_pb_column type=&#8221;1_2&#8243; _builder_version=&#8221;4.16&#8243; custom_padding=&#8221;50px|5%|50px|10%&#8221; global_colors_info=&#8221;{}&#8221; custom_padding__hover=&#8221;|||&#8221;][et_pb_text admin_label=&#8221;Hero Section Title&#8221; _builder_version=&#8221;4.27.4&#8243; text_font=&#8221;Montserrat||||||||&#8221; text_font_size=&#8221;18px&#8221; text_line_height=&#8221;1.8em&#8221; header_font=&#8221;Montserrat|600||on|||||&#8221; header_font_size=&#8221;48px&#8221; header_letter_spacing=&#8221;3px&#8221; header_line_height=&#8221;1.3em&#8221; header_2_font=&#8221;Montserrat|700|||||||&#8221; header_2_text_color=&#8221;rgba(255,255,255,0.6)&#8221; header_2_font_size=&#8221;90px&#8221; header_2_letter_spacing=&#8221;3px&#8221; header_2_line_height=&#8221;1.1em&#8221; max_width=&#8221;700px&#8221; module_alignment=&#8221;left&#8221; min_height=&#8221;166px&#8221; custom_margin=&#8221;|||&#8221; custom_padding=&#8221;||0px|||&#8221; animation_style=&#8221;fade&#8221; animation_direction=&#8221;bottom&#8221; animation_starting_opacity=&#8221;100%&#8221; header_font_size_tablet=&#8221;&#8221; header_font_size_phone=&#8221;28px&#8221; header_font_size_last_edited=&#8221;on|phone&#8221; header_2_font_size_tablet=&#8221;&#8221; header_2_font_size_phone=&#8221;50px&#8221; header_2_font_size_last_edited=&#8221;on|phone&#8221; global_colors_info=&#8221;{}&#8221;]<\/p>\n<h1><strong data-start=\"93\" data-end=\"167\">Descubre la verdad sobre los f\u00e1rmacos m\u00e1s efectivos contra la alopecia<\/strong><\/h1>\n<p data-start=\"171\" data-end=\"501\">Durante a\u00f1os, <strong data-start=\"185\" data-end=\"214\">finasteride y dutasteride<\/strong> han estado rodeados de <strong data-start=\"238\" data-end=\"271\">mitos, miedo y desinformaci\u00f3n<\/strong>. \u00bfRealmente funcionan? \u00bfSon seguros? \u00bfC\u00f3mo afectan a tu salud? En este libro, analizo <strong data-start=\"361\" data-end=\"399\">cada mito con evidencia cient\u00edfica<\/strong>, explico c\u00f3mo act\u00faan estos f\u00e1rmacos y te doy las herramientas para que tomes decisiones con informaci\u00f3n veraz.<\/p>\n<p data-start=\"503\" data-end=\"766\">\u2705 <strong data-start=\"505\" data-end=\"559\">\u00bfFinasteride funciona o es solo un parche temporal?<\/strong><br data-start=\"559\" data-end=\"562\" \/>\u2705 <strong data-start=\"564\" data-end=\"624\">\u00bfCu\u00e1les son los efectos secundarios y c\u00f3mo minimizarlos?<\/strong><br data-start=\"624\" data-end=\"627\" \/>\u2705 <strong data-start=\"629\" data-end=\"660\">\u00bfEs mejor usar dutasteride?<\/strong><br data-start=\"660\" data-end=\"663\" \/>\u2705 <strong data-start=\"665\" data-end=\"707\">\u00bfQu\u00e9 dicen los estudios m\u00e1s recientes?<\/strong><br data-start=\"707\" data-end=\"710\" \/>\u2705 <strong data-start=\"712\" data-end=\"764\">\u00bfC\u00f3mo maximizar los beneficios y evitar riesgos?<\/strong><\/p>\n<p data-start=\"768\" data-end=\"820\"><strong data-start=\"768\" data-end=\"818\">Todas tus dudas resueltas en un solo libro.<\/strong><\/p>\n<p>[\/et_pb_text][et_pb_divider color=&#8221;#f46624&#8243; divider_weight=&#8221;3px&#8221; _builder_version=&#8221;4.27.4&#8243; max_width=&#8221;23px&#8221; module_alignment=&#8221;left&#8221; animation_style=&#8221;slide&#8221; animation_direction=&#8221;top&#8221; animation_intensity_slide=&#8221;20%&#8221; animation_starting_opacity=&#8221;100%&#8221; global_colors_info=&#8221;{}&#8221;][\/et_pb_divider][et_pb_wc_price _builder_version=&#8221;4.27.4&#8243; _module_preset=&#8221;default&#8221; body_font=&#8221;|600||on|||||&#8221; module_alignment=&#8221;left&#8221; global_colors_info=&#8221;{}&#8221;][\/et_pb_wc_price][et_pb_wc_add_to_cart show_quantity=&#8221;off&#8221; show_stock=&#8221;off&#8221; admin_label=&#8221;Woo Product Add To Cart&#8221; _builder_version=&#8221;4.27.4&#8243; _module_preset=&#8221;default&#8221; dropdown_menus_background_color=&#8221;RGBA(255,255,255,0)&#8221; dropdown_menus_text_color=&#8221;#000000&#8243; dropdown_menus_focus_background_color=&#8221;RGBA(255,255,255,0)&#8221; dropdown_menus_focus_text_color=&#8221;#000000&#8243; custom_button=&#8221;on&#8221; button_text_size=&#8221;16px&#8221; button_text_color=&#8221;#ffffff&#8221; button_bg_color=&#8221;#f16334&#8243; button_border_width=&#8221;0px&#8221; button_letter_spacing=&#8221;2px&#8221; button_font=&#8221;Montserrat|600||on|||||&#8221; button_custom_padding=&#8221;14px||14px||false|false&#8221; global_colors_info=&#8221;{}&#8221; button_letter_spacing__hover=&#8221;2px&#8221; button_letter_spacing__hover_enabled=&#8221;on&#8221;][\/et_pb_wc_add_to_cart][\/et_pb_column][et_pb_column type=&#8221;1_2&#8243; _builder_version=&#8221;4.16&#8243; custom_padding=&#8221;|||&#8221; global_colors_info=&#8221;{}&#8221; custom_padding__hover=&#8221;|||&#8221;][\/et_pb_column][\/et_pb_row][\/et_pb_section][et_pb_section fb_built=&#8221;1&#8243; _builder_version=&#8221;4.27.4&#8243; _module_preset=&#8221;default&#8221; global_colors_info=&#8221;{}&#8221;][et_pb_row _builder_version=&#8221;4.27.4&#8243; _module_preset=&#8221;default&#8221; global_colors_info=&#8221;{}&#8221; custom_padding=&#8221;||15px|||&#8221;][et_pb_column type=&#8221;4_4&#8243; _builder_version=&#8221;4.27.4&#8243; _module_preset=&#8221;default&#8221; global_colors_info=&#8221;{}&#8221;][et_pb_text admin_label=&#8221;Hero Section Title&#8221; _builder_version=&#8221;4.27.0&#8243; text_font=&#8221;Montserrat||||||||&#8221; text_font_size=&#8221;18px&#8221; text_line_height=&#8221;1.8em&#8221; header_font=&#8221;Montserrat|600||on|||||&#8221; header_text_align=&#8221;center&#8221; header_font_size=&#8221;48px&#8221; header_letter_spacing=&#8221;3px&#8221; header_line_height=&#8221;1.3em&#8221; header_2_font=&#8221;Montserrat|700|||||||&#8221; header_2_text_color=&#8221;rgba(255,255,255,0.6)&#8221; header_2_font_size=&#8221;90px&#8221; header_2_letter_spacing=&#8221;3px&#8221; header_2_line_height=&#8221;1.1em&#8221; max_width=&#8221;70%&#8221; module_alignment=&#8221;center&#8221; min_height=&#8221;166px&#8221; custom_margin=&#8221;|||&#8221; custom_padding=&#8221;||0px|||&#8221; animation_style=&#8221;fade&#8221; animation_direction=&#8221;bottom&#8221; animation_starting_opacity=&#8221;100%&#8221; header_font_size_tablet=&#8221;&#8221; header_font_size_phone=&#8221;28px&#8221; header_font_size_last_edited=&#8221;on|phone&#8221; header_2_font_size_tablet=&#8221;&#8221; header_2_font_size_phone=&#8221;50px&#8221; header_2_font_size_last_edited=&#8221;on|phone&#8221; global_colors_info=&#8221;{}&#8221;]<\/p>\n<h1 style=\"text-align: center;\"><strong data-start=\"830\" data-end=\"877\">Basado en ciencia, explicado de forma clara<\/strong><\/h1>\n<p style=\"text-align: center;\" data-start=\"881\" data-end=\"1109\">Escrito por un experto con m\u00e1s de <strong data-start=\"915\" data-end=\"950\">9 a\u00f1os investigando la alopecia<\/strong>, este libro analiza los estudios m\u00e1s relevantes y los explica <strong data-start=\"1013\" data-end=\"1045\">de manera sencilla y directa<\/strong>. <strong data-start=\"1047\" data-end=\"1107\">Sin alarmismo, sin exageraciones, solo informaci\u00f3n real.<\/strong><\/p>\n<p>[\/et_pb_text][\/et_pb_column][\/et_pb_row][et_pb_row _builder_version=&#8221;4.27.4&#8243; _module_preset=&#8221;default&#8221; global_colors_info=&#8221;{}&#8221; custom_padding=&#8221;4px|||||&#8221;][et_pb_column type=&#8221;4_4&#8243; _builder_version=&#8221;4.27.4&#8243; _module_preset=&#8221;default&#8221; global_colors_info=&#8221;{}&#8221;][et_pb_divider color=&#8221;#f46624&#8243; divider_weight=&#8221;3px&#8221; _builder_version=&#8221;4.27.0&#8243; max_width=&#8221;23px&#8221; module_alignment=&#8221;center&#8221; animation_style=&#8221;slide&#8221; animation_direction=&#8221;top&#8221; animation_intensity_slide=&#8221;20%&#8221; animation_starting_opacity=&#8221;100%&#8221; global_colors_info=&#8221;{}&#8221;][\/et_pb_divider][et_pb_toggle title=&#8221;\u00bfQu\u00e9 mitos desmonta este libro?&#8221; open_toggle_text_color=&#8221;#333333&#8243; closed_toggle_background_color=&#8221;#FFFFFF&#8221; icon_color=&#8221;#333333&#8243; toggle_icon=&#8221;&#x4c;||divi||400&#8243; use_icon_font_size=&#8221;on&#8221; icon_font_size=&#8221;30px&#8221; open_icon_color=&#8221;#333333&#8243; open_toggle_icon=&#8221;&#x4b;||divi||400&#8243; open_use_icon_font_size=&#8221;on&#8221; open_icon_font_size=&#8221;30px&#8221; _builder_version=&#8221;4.27.0&#8243; _module_preset=&#8221;default&#8221; title_text_color=&#8221;#333333&#8243; title_level=&#8221;h4&#8243; title_font=&#8221;Montserrat|600|||||||&#8221; closed_title_font=&#8221;Montserrat|600|||||||&#8221; body_font=&#8221;Montserrat||||||||&#8221; body_text_align=&#8221;center&#8221; text_orientation=&#8221;center&#8221; max_width=&#8221;50%&#8221; module_alignment=&#8221;center&#8221; custom_css_free_form=&#8221;selector .et_pb_toggle_title:before, selector .et_pb_toggle_title:before {||    right: 0 !important;||}||||selector h4.et_pb_toggle_title {||    display: inline-block;||}&#8221; border_width_all=&#8221;0px&#8221; global_colors_info=&#8221;{}&#8221; custom_margin=&#8221;-16px|||||&#8221; custom_padding=&#8221;2px|||||&#8221;]<\/p>\n<p class=\"\" data-start=\"89\" data-end=\"288\"><strong data-start=\"89\" data-end=\"158\">1. Alopecia androgen\u00e9tica: causas y tratamientos que S\u00cd funcionan<\/strong><br data-start=\"158\" data-end=\"161\" \/>\u00bfEs solo gen\u00e9tica o hay algo que puedas hacer para frenar la alopecia? \u00bfQu\u00e9 tratamientos funcionan y cu\u00e1les son puro marketing?<\/p>\n<p class=\"\" data-start=\"290\" data-end=\"469\"><strong data-start=\"290\" data-end=\"363\">2. Finasteride y dutasteride: \u00bfRealmente frenan la ca\u00edda del cabello?<\/strong><br data-start=\"363\" data-end=\"366\" \/>\u00bfSon efectivos o solo retrasan lo inevitable?<\/p>\n<p class=\"\" data-start=\"471\" data-end=\"594\"><strong data-start=\"471\" data-end=\"521\">3. Efectos secundarios: lo que nadie te cuenta<\/strong><br data-start=\"521\" data-end=\"524\" \/>\u00bfSon tan peligrosos como algunos dicen o se han exagerado los riesgos?<\/p>\n<p class=\"\" data-start=\"596\" data-end=\"733\"><strong data-start=\"596\" data-end=\"647\">4. Efectos en la vida sexual: \u00bfMito o realidad?<\/strong><br data-start=\"647\" data-end=\"650\" \/>\u00bfProvocan impotencia y p\u00e9rdida de libido?<\/p>\n<p class=\"\" data-start=\"735\" data-end=\"894\"><strong data-start=\"735\" data-end=\"802\">5. Depresi\u00f3n y suicidio: \u00bfPuede finasteride afectar a tu mente?<\/strong><br data-start=\"802\" data-end=\"805\" \/>Algunas personas han reportado efectos psicol\u00f3gicos, pero \u00bfqu\u00e9 dice la ciencia realmente?<\/p>\n<p class=\"\" data-start=\"896\" data-end=\"1042\"><strong data-start=\"896\" data-end=\"953\">6. Efectos secundarios permanentes: \u00bfMito o realidad?<\/strong><br data-start=\"953\" data-end=\"956\" \/>\u00bfEs posible que los efectos negativos no desaparezcan despu\u00e9s de dejar el medicamento?<\/p>\n<p class=\"\" data-start=\"1044\" data-end=\"1182\"><strong data-start=\"1044\" data-end=\"1095\">7. La verdad sobre el S\u00edndrome Post-Finasteride<\/strong><br data-start=\"1095\" data-end=\"1098\" \/>\u00bfExiste realmente este s\u00edndrome o es m\u00e1s un problema de percepci\u00f3n y desinformaci\u00f3n?<\/p>\n<p class=\"\" data-start=\"1184\" data-end=\"1315\"><strong data-start=\"1184\" data-end=\"1233\">8. \u00bfEs seguro tomar finasteride durante a\u00f1os?<\/strong><br data-start=\"1233\" data-end=\"1236\" \/>\u00bfHay riesgos ocultos por un uso prolongado? Analizamos los datos a largo plazo.<\/p>\n<p class=\"\" data-start=\"1317\" data-end=\"1447\"><strong data-start=\"1317\" data-end=\"1379\">9. \u00bfPuede finasteride causar c\u00e1ncer de pr\u00f3stata o de mama?<\/strong><br data-start=\"1379\" data-end=\"1382\" \/>Revisamos los estudios que han investigado esta posible relaci\u00f3n.<\/p>\n<p class=\"\" data-start=\"1449\" data-end=\"1608\"><strong data-start=\"1449\" data-end=\"1507\">10. Finasteride y la masa muscular: \u00bfAfecta tu fuerza?<\/strong><br data-start=\"1507\" data-end=\"1510\" \/>Algunos afirman que disminuye la testosterona libre y perjudica el rendimiento f\u00edsico. \u00bfEs cierto?<\/p>\n<p class=\"\" data-start=\"1610\" data-end=\"1733\"><strong data-start=\"1610\" data-end=\"1656\">11. \u00bfEs finasteride t\u00f3xico para el h\u00edgado?<\/strong><br data-start=\"1656\" data-end=\"1659\" \/>Si est\u00e1s preocupado por tu salud hep\u00e1tica, esto es lo que necesitas saber.<\/p>\n<p class=\"\" data-start=\"1735\" data-end=\"1885\"><strong data-start=\"1735\" data-end=\"1792\">12. \u00bfEs seguro tener hijos mientras usas finasteride?<\/strong><br data-start=\"1792\" data-end=\"1795\" \/>\u00bfPodr\u00eda afectar al embarazo, la fertilidad o a la salud del beb\u00e9?<\/p>\n<p class=\"\" data-start=\"1887\" data-end=\"2019\"><strong data-start=\"1887\" data-end=\"1940\">13. Finasteride y alcohol: \u00bfUna mala combinaci\u00f3n?<\/strong><br data-start=\"1940\" data-end=\"1943\" \/>\u00bfInterfiere con la absorci\u00f3n del f\u00e1rmaco o potencia sus efectos secundarios?<\/p>\n<p class=\"\" data-start=\"2021\" data-end=\"2163\"><strong data-start=\"2021\" data-end=\"2079\">14. \u00bfPuede finasteride aumentar el riesgo de diabetes?<\/strong><br data-start=\"2079\" data-end=\"2082\" \/>Algunas teor\u00edas sugieren un impacto en el metabolismo, pero \u00bfqu\u00e9 dice la ciencia?<\/p>\n<p class=\"\" data-start=\"2165\" data-end=\"2294\"><strong data-start=\"2165\" data-end=\"2229\">15. \u00bfEs posible dejar finasteride y mantener los resultados?<\/strong><br data-start=\"2229\" data-end=\"2232\" \/>Si decides dejarlo, \u00bfvolver\u00e1s a perder todo el cabello ganado?<\/p>\n<p class=\"\" data-start=\"2296\" data-end=\"2427\"><strong data-start=\"2296\" data-end=\"2363\">16. Qu\u00e9 hacer si sufres efectos secundarios al usar finasteride<\/strong><br data-start=\"2363\" data-end=\"2366\" \/>Gu\u00eda pr\u00e1ctica sobre c\u00f3mo manejar cualquier efecto no deseado.<\/p>\n<p class=\"\" data-start=\"2429\" data-end=\"2544\"><strong data-start=\"2429\" data-end=\"2482\">17. \u00bfDeber\u00eda cambiar finasteride por dutasteride?<\/strong><br data-start=\"2482\" data-end=\"2485\" \/>\u00bfC\u00f3mo saber si deber\u00eda cambiar un f\u00e1rmaco por otro?<\/p>\n<p class=\"\" data-start=\"2546\" data-end=\"2657\"><strong data-start=\"2546\" data-end=\"2598\">18. \u00bfSoy demasiado joven para tomar finasteride?<\/strong><br data-start=\"2598\" data-end=\"2601\" \/>Si tienes menos de 20 a\u00f1os, \u00bfes recomendable empezar ya?<\/p>\n<p class=\"\" data-start=\"2659\" data-end=\"2791\"><strong data-start=\"2659\" data-end=\"2718\">19. La escala de Norwood-Hamilton: \u00bfEn qu\u00e9 etapa est\u00e1s?<\/strong><br data-start=\"2718\" data-end=\"2721\" \/>C\u00f3mo identificar tu grado de p\u00e9rdida de pelo y qu\u00e9 opciones tienes.<\/p>\n<p>[\/et_pb_toggle][\/et_pb_column][\/et_pb_row][\/et_pb_section][et_pb_section fb_built=&#8221;1&#8243; _builder_version=&#8221;4.27.4&#8243; _module_preset=&#8221;default&#8221; background_color=&#8221;#e3e3e3&#8243; background_enable_image=&#8221;off&#8221; global_colors_info=&#8221;{}&#8221;][et_pb_row _builder_version=&#8221;4.27.4&#8243; _module_preset=&#8221;default&#8221; global_colors_info=&#8221;{}&#8221;][et_pb_column type=&#8221;4_4&#8243; _builder_version=&#8221;4.27.4&#8243; _module_preset=&#8221;default&#8221; global_colors_info=&#8221;{}&#8221;][et_pb_text admin_label=&#8221;Hero Section Title&#8221; _builder_version=&#8221;4.27.4&#8243; text_font=&#8221;Montserrat||||||||&#8221; text_font_size=&#8221;18px&#8221; text_line_height=&#8221;1.8em&#8221; header_font=&#8221;Montserrat|600||on|||||&#8221; header_text_align=&#8221;center&#8221; header_font_size=&#8221;48px&#8221; header_letter_spacing=&#8221;3px&#8221; header_line_height=&#8221;1.3em&#8221; header_2_font=&#8221;Montserrat|700|||||||&#8221; header_2_text_color=&#8221;rgba(255,255,255,0.6)&#8221; header_2_font_size=&#8221;90px&#8221; header_2_letter_spacing=&#8221;3px&#8221; header_2_line_height=&#8221;1.1em&#8221; max_width=&#8221;70%&#8221; module_alignment=&#8221;center&#8221; min_height=&#8221;166px&#8221; custom_margin=&#8221;|||&#8221; custom_padding=&#8221;||0px|||&#8221; animation_style=&#8221;fade&#8221; animation_direction=&#8221;bottom&#8221; animation_starting_opacity=&#8221;100%&#8221; header_font_size_tablet=&#8221;&#8221; header_font_size_phone=&#8221;28px&#8221; header_font_size_last_edited=&#8221;on|phone&#8221; header_2_font_size_tablet=&#8221;&#8221; header_2_font_size_phone=&#8221;50px&#8221; header_2_font_size_last_edited=&#8221;on|phone&#8221; global_colors_info=&#8221;{}&#8221;]<\/p>\n<h1 style=\"text-align: center;\"><strong data-start=\"197\" data-end=\"241\"> \u00bfEs para ti este libro?<\/strong><\/h1>\n<p style=\"text-align: center;\" data-start=\"881\" data-end=\"1109\">\u2714\ufe0f Si tienes alopecia androgen\u00e9tica y quieres saber si estos f\u00e1rmacos pueden ayudarte.<br data-start=\"330\" data-end=\"333\" \/>\u2714\ufe0f Si dudas sobre los efectos secundarios y buscas informaci\u00f3n objetiva.<br data-start=\"405\" data-end=\"408\" \/>\u2714\ufe0f Si ya usas finasteride o dutasteride y quieres optimizar tu tratamiento.<br data-start=\"483\" data-end=\"486\" data-is-only-node=\"\" \/>\u2714\ufe0f Si quieres separar la verdad de los mitos con datos reales.<\/p>\n<p>[\/et_pb_text][\/et_pb_column][\/et_pb_row][\/et_pb_section][et_pb_section fb_built=&#8221;1&#8243; _builder_version=&#8221;4.27.4&#8243; _module_preset=&#8221;default&#8221; global_colors_info=&#8221;{}&#8221;][et_pb_row _builder_version=&#8221;4.27.4&#8243; _module_preset=&#8221;default&#8221; global_colors_info=&#8221;{}&#8221;][et_pb_column type=&#8221;4_4&#8243; _builder_version=&#8221;4.27.4&#8243; _module_preset=&#8221;default&#8221; global_colors_info=&#8221;{}&#8221;][et_pb_text admin_label=&#8221;Hero Section Title&#8221; _builder_version=&#8221;4.27.4&#8243; text_font=&#8221;Montserrat||||||||&#8221; text_font_size=&#8221;18px&#8221; text_line_height=&#8221;1.8em&#8221; header_font=&#8221;Montserrat|600||on|||||&#8221; header_text_align=&#8221;center&#8221; header_font_size=&#8221;48px&#8221; header_letter_spacing=&#8221;3px&#8221; header_line_height=&#8221;1.3em&#8221; header_2_font=&#8221;Montserrat|700|||||||&#8221; header_2_text_color=&#8221;rgba(255,255,255,0.6)&#8221; header_2_font_size=&#8221;90px&#8221; header_2_letter_spacing=&#8221;3px&#8221; header_2_line_height=&#8221;1.1em&#8221; max_width=&#8221;70%&#8221; module_alignment=&#8221;center&#8221; min_height=&#8221;166px&#8221; custom_margin=&#8221;|||&#8221; custom_padding=&#8221;||0px|||&#8221; animation_style=&#8221;fade&#8221; animation_direction=&#8221;bottom&#8221; animation_starting_opacity=&#8221;100%&#8221; header_font_size_tablet=&#8221;&#8221; header_font_size_phone=&#8221;28px&#8221; header_font_size_last_edited=&#8221;on|phone&#8221; header_2_font_size_tablet=&#8221;&#8221; header_2_font_size_phone=&#8221;50px&#8221; header_2_font_size_last_edited=&#8221;on|phone&#8221; global_colors_info=&#8221;{}&#8221;]<\/p>\n<h1 style=\"text-align: center;\"><strong data-start=\"552\" data-end=\"620\"> Lo que no encontrar\u00e1s en foros o redes sociales<\/strong><\/h1>\n<p style=\"text-align: center;\" data-start=\"881\" data-end=\"1109\">En Internet hay demasiada desinformaci\u00f3n y opiniones sin fundamento. Este libro te da respuestas claras y respaldadas por la ciencia.<\/p>\n<p>[\/et_pb_text][et_pb_wc_add_to_cart show_quantity=&#8221;off&#8221; show_stock=&#8221;off&#8221; admin_label=&#8221;Woo Product Add To Cart&#8221; _builder_version=&#8221;4.27.4&#8243; _module_preset=&#8221;default&#8221; dropdown_menus_background_color=&#8221;RGBA(255,255,255,0)&#8221; dropdown_menus_text_color=&#8221;#000000&#8243; dropdown_menus_focus_background_color=&#8221;RGBA(255,255,255,0)&#8221; dropdown_menus_focus_text_color=&#8221;#000000&#8243; custom_button=&#8221;on&#8221; button_text_size=&#8221;16px&#8221; button_text_color=&#8221;#ffffff&#8221; button_bg_color=&#8221;#f16334&#8243; button_border_width=&#8221;0px&#8221; button_letter_spacing=&#8221;2px&#8221; button_font=&#8221;Montserrat|600||on|||||&#8221; button_custom_padding=&#8221;14px||14px||false|false&#8221; text_orientation=&#8221;center&#8221; global_colors_info=&#8221;{}&#8221; button_letter_spacing__hover=&#8221;2px&#8221; button_letter_spacing__hover_enabled=&#8221;on&#8221;][\/et_pb_wc_add_to_cart][\/et_pb_column][\/et_pb_row][\/et_pb_section][et_pb_section fb_built=&#8221;1&#8243; _builder_version=&#8221;4.27.4&#8243; _module_preset=&#8221;default&#8221; background_color=&#8221;#e3e3e3&#8243; background_enable_image=&#8221;off&#8221; custom_padding=&#8221;4px||0px|||&#8221; global_colors_info=&#8221;{}&#8221;][et_pb_row _builder_version=&#8221;4.27.4&#8243; _module_preset=&#8221;default&#8221; custom_margin=&#8221;1px|auto|0px|auto|false|false&#8221; custom_padding=&#8221;51px|||||&#8221; global_colors_info=&#8221;{}&#8221;][et_pb_column type=&#8221;4_4&#8243; _builder_version=&#8221;4.27.4&#8243; _module_preset=&#8221;default&#8221; global_colors_info=&#8221;{}&#8221;][et_pb_wc_rating _builder_version=&#8221;4.27.4&#8243; _module_preset=&#8221;default&#8221; rating_text_align=&#8221;right&#8221; rating_font_size=&#8221;24px&#8221; body_font=&#8221;Montserrat||||||||&#8221; max_width=&#8221;70%&#8221; module_alignment=&#8221;center&#8221; custom_padding=&#8221;||||false|false&#8221; global_colors_info=&#8221;{}&#8221;][\/et_pb_wc_rating][et_pb_divider color=&#8221;#FFFFFF&#8221; divider_weight=&#8221;3px&#8221; _builder_version=&#8221;4.27.4&#8243; max_width=&#8221;70%&#8221; module_alignment=&#8221;center&#8221; custom_margin=&#8221;||-70px||false|false&#8221; custom_padding=&#8221;||0px|||&#8221; animation_style=&#8221;slide&#8221; animation_direction=&#8221;top&#8221; animation_intensity_slide=&#8221;20%&#8221; animation_starting_opacity=&#8221;100%&#8221; global_colors_info=&#8221;{}&#8221;][\/et_pb_divider][et_pb_wc_reviews _builder_version=&#8221;4.27.4&#8243; _module_preset=&#8221;default&#8221; header_font=&#8221;Montserrat|700||on|||||&#8221; title_font=&#8221;Montserrat||||||||&#8221; title_text_align=&#8221;left&#8221; meta_font=&#8221;Montserrat||||||||&#8221; body_font=&#8221;Montserrat||||||||&#8221; rating_text_align=&#8221;left&#8221; custom_button=&#8221;on&#8221; button_text_size=&#8221;16px&#8221; button_text_color=&#8221;#ffffff&#8221; button_bg_color=&#8221;#f16334&#8243; button_border_width=&#8221;0px&#8221; button_letter_spacing=&#8221;2px&#8221; button_font=&#8221;Montserrat|600||on|||||&#8221; button_custom_padding=&#8221;14px||14px||false|false&#8221; text_orientation=&#8221;left&#8221; max_width=&#8221;70%&#8221; module_alignment=&#8221;center&#8221; custom_padding=&#8221;0px|||||&#8221; global_colors_info=&#8221;{}&#8221; button_letter_spacing__hover=&#8221;2px&#8221; button_letter_spacing__hover_enabled=&#8221;on&#8221;][\/et_pb_wc_reviews][\/et_pb_column][\/et_pb_row][\/et_pb_section]<\/p>\n","protected":false},"excerpt":{"rendered":"<p>Descubre la verdad sobre los f\u00e1rmacos m\u00e1s efectivos contra la alopecia Durante a\u00f1os, finasteride y dutasteride han estado rodeados de mitos, miedo y desinformaci\u00f3n. \u00bfRealmente funcionan? \u00bfSon seguros? \u00bfC\u00f3mo afectan a tu salud? En este libro, analizo cada mito con evidencia cient\u00edfica, explico c\u00f3mo act\u00faan estos f\u00e1rmacos y te doy las herramientas para que tomes [&hellip;]<\/p>\n","protected":false},"featured_media":1620,"comment_status":"open","ping_status":"closed","template":"","meta":{"_et_pb_use_builder":"on","_et_pb_old_content":"","_et_gb_content_width":""},"product_brand":[],"product_cat":[59],"product_tag":[],"class_list":{"0":"post-1592","1":"product","2":"type-product","3":"status-publish","4":"has-post-thumbnail","6":"product_cat-sin-categorizar","8":"first","9":"instock","10":"sale","11":"downloadable","12":"virtual","13":"purchasable","14":"product-type-simple"},"_links":{"self":[{"href":"https:\/\/futurevegan.org\/en\/wp-json\/wp\/v2\/product\/1592","targetHints":{"allow":["GET"]}}],"collection":[{"href":"https:\/\/futurevegan.org\/en\/wp-json\/wp\/v2\/product"}],"about":[{"href":"https:\/\/futurevegan.org\/en\/wp-json\/wp\/v2\/types\/product"}],"replies":[{"embeddable":true,"href":"https:\/\/futurevegan.org\/en\/wp-json\/wp\/v2\/comments?post=1592"}],"wp:featuredmedia":[{"embeddable":true,"href":"https:\/\/futurevegan.org\/en\/wp-json\/wp\/v2\/media\/1620"}],"wp:attachment":[{"href":"https:\/\/futurevegan.org\/en\/wp-json\/wp\/v2\/media?parent=1592"}],"wp:term":[{"taxonomy":"product_brand","embeddable":true,"href":"https:\/\/futurevegan.org\/en\/wp-json\/wp\/v2\/product_brand?post=1592"},{"taxonomy":"product_cat","embeddable":true,"href":"https:\/\/futurevegan.org\/en\/wp-json\/wp\/v2\/product_cat?post=1592"},{"taxonomy":"product_tag","embeddable":true,"href":"https:\/\/futurevegan.org\/en\/wp-json\/wp\/v2\/product_tag?post=1592"}],"curies":[{"name":"wp","href":"https:\/\/api.w.org\/{rel}","templated":true}]}}